{"id":60,"date":"2015-07-26T12:15:52","date_gmt":"2015-07-26T09:15:52","guid":{"rendered":"https:\/\/reiki-cluj-terapii.ro\/?page_id=60"},"modified":"2023-02-03T11:43:22","modified_gmt":"2023-02-03T09:43:22","slug":"terapii-reiki","status":"publish","type":"page","link":"https:\/\/reiki-cluj-terapii.ro\/?page_id=60","title":{"rendered":"Terapii Reiki"},"content":{"rendered":"<p align=\"JUSTIFY\"><span style=\"font-family: Times New Roman,serif;\"><span style=\"font-size: large;\">Terapii Reiki :<br \/>\n<\/span><\/span><\/p>\n<p align=\"JUSTIFY\"><span style=\"font-family: Times New Roman,serif;\"><span style=\"font-size: large;\"> &#8211; terapii individuale &#8211; Nicolae Pintea, Tel.\u00a00740153417<\/span><\/span><\/p>\n<p align=\"JUSTIFY\"><span style=\"font-family: Times New Roman,serif;\"><span style=\"font-size: large;\">&#8211; terapii de grup &#8211; Nicolae Pintea, Tel.\u00a00740153417<\/span><\/span><\/p>\n<div class=\"wp-block-media-text__content\">\n<p>REIKI \u2013 form\u0103\u00a0de practic\u0103\u00a0terapeutic\u0103\u00a0alternativ\u0103, a fost dezvoltat\u0103 de Mikao Usui in anii 1919-1920 dup\u0103\u00a0o perioad\u0103\u00a0\u00eendelungat\u0103 de studii \u0219i practici spirituale, el a denumit energia accesata Reiki (rei = spirit, divin, viata si ki = energie vital\u0103, respiratie) adica energie universal\u0103\u00a0de origine divin\u0103. Mikao Usui a pus bazele scolii salae de reiki, numit\u0103\u00a0Usui Shiki Reiki Ryoho. El a studiat medicina, religia buddista, crestin\u0103, taoism si psihologie.<\/p>\n<p>Reiki permite celor ini\u021bia\u021bi, \u00een acasta tehnica, o abordare alternativ\u0103\u00a0a st\u0103rii de s\u0103n\u0103tate pe tote planurile (sufletesc, psihic si fizic) prin tehnici si metode specifice de curatare, armonizare si ameliorare\/ vindecare energetica in toate structurile muritoare, corp fizic si nemuritoare, suflet, spirit, (campuri energetice \/ aura, chakre \u0219i meridiane energetice ).<\/p>\n<p><strong>Prin Reiki se pot ameliora \/ vindeca <\/strong><\/p>\n<p><strong>Afec\u0163iuni cardiovasculare<\/strong> \u2013 dac\u0103 nu au existat manifest\u0103ri de preinfarct sau infarct; circula\u0163ia sanguin\u0103 deficitar\u0103; stenoz\u0103 aortic\u0103; stenoz\u0103 mitral\u0103; cardiopatie ischemic\u0103;<\/p>\n<p><strong>Afec\u0163iuni<\/strong> <strong>de piele<\/strong> necontagioase, alergii;<\/p>\n<p><strong>Afec\u0163iuni digestive<\/strong>: ulcerul, colita, enterocolita; anorexia; constipa\u0163ia;<\/p>\n<p><strong>Afec\u0163iuni ale sistemului nervos<\/strong>: anxietate, depresie, depresie atipic\u0103, schizofrenie, paranoia, epilepsie, halucina\u0163ii;<\/p>\n<p><strong>Afec\u0163iuni hepatice \u015fi biliare<\/strong>:\u00a0hepatit\u0103, ciroz\u0103 hepatica<\/p>\n<p><strong>Diabet<\/strong><\/p>\n<p><strong>Afec\u0163iuni <\/strong><strong>\u00a0genitale<\/strong>: fibrom uterin, prostatit\u0103, adenom de prostat\u0103;<\/p>\n<p><strong>Afec\u0163iuni<\/strong><strong> reumatismale<\/strong>: artroz\u0103, lombalgii;<\/p>\n<p><strong>Afec\u0163iuni respiratorii<\/strong>: astm, bron\u015fit\u0103; sinuzit\u0103;<\/p>\n<p><strong>Afec\u0163iuni oculare<\/strong>: miopie, cataract\u0103, glaucom;<\/p>\n<p><strong>Afec\u0163iuni endocrine<\/strong>: afec\u0163iuni ale tiroidei, Basedow; nevralgii, sciatic\u0103;tumorile necanceroase;<\/p>\n<\/div>\n","protected":false},"excerpt":{"rendered":"<p>Terapii Reiki : &#8211; terapii individuale &#8211; Nicolae Pintea, Tel.\u00a00740153417 &#8211; terapii de grup &#8211; Nicolae Pintea, Tel.\u00a00740153417 REIKI \u2013 form\u0103\u00a0de practic\u0103\u00a0terapeutic\u0103\u00a0alternativ\u0103, a fost dezvoltat\u0103 de Mikao Usui in anii [&hellip;]<\/p>\n","protected":false},"author":1,"featured_media":0,"parent":0,"menu_order":0,"comment_status":"closed","ping_status":"closed","template":"","meta":{"footnotes":""},"class_list":["post-60","page","type-page","status-publish","hentry"],"_links":{"self":[{"href":"https:\/\/reiki-cluj-terapii.ro\/index.php?rest_route=\/wp\/v2\/pages\/60","targetHints":{"allow":["GET"]}}],"collection":[{"href":"https:\/\/reiki-cluj-terapii.ro\/index.php?rest_route=\/wp\/v2\/pages"}],"about":[{"href":"https:\/\/reiki-cluj-terapii.ro\/index.php?rest_route=\/wp\/v2\/types\/page"}],"author":[{"embeddable":true,"href":"https:\/\/reiki-cluj-terapii.ro\/index.php?rest_route=\/wp\/v2\/users\/1"}],"replies":[{"embeddable":true,"href":"https:\/\/reiki-cluj-terapii.ro\/index.php?rest_route=%2Fwp%2Fv2%2Fcomments&post=60"}],"version-history":[{"count":5,"href":"https:\/\/reiki-cluj-terapii.ro\/index.php?rest_route=\/wp\/v2\/pages\/60\/revisions"}],"predecessor-version":[{"id":720,"href":"https:\/\/reiki-cluj-terapii.ro\/index.php?rest_route=\/wp\/v2\/pages\/60\/revisions\/720"}],"wp:attachment":[{"href":"https:\/\/reiki-cluj-terapii.ro\/index.php?rest_route=%2Fwp%2Fv2%2Fmedia&parent=60"}],"curies":[{"name":"wp","href":"https:\/\/api.w.org\/{rel}","templated":true}]}}